{"id":2427,"date":"2023-03-06T10:12:23","date_gmt":"2023-03-06T13:12:23","guid":{"rendered":"https:\/\/solmex.cl\/www\/?page_id=2427"},"modified":"2024-10-23T09:31:11","modified_gmt":"2024-10-23T12:31:11","slug":"canal-de-denuncia","status":"publish","type":"page","link":"https:\/\/solmex.cl\/www\/canal-de-denuncia\/","title":{"rendered":"Canal de denuncia"},"content":{"rendered":"\t\t<div data-elementor-type=\"wp-page\" data-elementor-id=\"2427\" class=\"elementor elementor-2427\" data-elementor-settings=\"[]\">\n\t\t\t\t\t\t<div class=\"elementor-inner\">\n\t\t\t\t\t\t\t<div class=\"elementor-section-wrap\">\n\t\t\t\t\t\t\t<section class=\"elementor-section elementor-top-section elementor-element elementor-element-f9556c3 elementor-section-boxed elementor-section-height-default elementor-section-height-default\" data-id=\"f9556c3\" data-element_type=\"section\" data-settings=\"{&quot;background_background&quot;:&quot;classic&quot;}\">\n\t\t\t\t\t\t<div class=\"elementor-container elementor-column-gap-default\">\n\t\t\t\t\t\t\t<div class=\"elementor-row\">\n\t\t\t\t\t<div class=\"elementor-column elementor-col-100 elementor-top-column elementor-element elementor-element-471ab2d\" data-id=\"471ab2d\" data-element_type=\"column\">\n\t\t\t<div class=\"elementor-column-wrap elementor-element-populated\">\n\t\t\t\t\t\t\t<div class=\"elementor-widget-wrap\">\n\t\t\t\t\t\t<div class=\"elementor-element elementor-element-e954a8a elementor-widget elementor-widget-breadcrumbs\" data-id=\"e954a8a\" data-element_type=\"widget\" data-widget_type=\"breadcrumbs.default\">\n\t\t\t\t<div class=\"elementor-widget-container\">\n\t\t\t<p id=\"breadcrumbs\"><span><span><a href=\"https:\/\/solmex.cl\/www\/\">Inicio<\/a><\/span><\/p>\t\t<\/div>\n\t\t\t\t<\/div>\n\t\t\t\t\t\t<\/div>\n\t\t\t\t\t<\/div>\n\t\t<\/div>\n\t\t\t\t\t\t\t\t<\/div>\n\t\t\t\t\t<\/div>\n\t\t<\/section>\n\t\t\t\t<section class=\"elementor-section elementor-top-section elementor-element elementor-element-9ee98d6 elementor-section-boxed elementor-section-height-default elementor-section-height-default\" data-id=\"9ee98d6\" data-element_type=\"section\">\n\t\t\t\t\t\t<div class=\"elementor-container elementor-column-gap-default\">\n\t\t\t\t\t\t\t<div class=\"elementor-row\">\n\t\t\t\t\t<div class=\"elementor-column elementor-col-100 elementor-top-column elementor-element elementor-element-4984952\" data-id=\"4984952\" data-element_type=\"column\">\n\t\t\t<div class=\"elementor-column-wrap elementor-element-populated\">\n\t\t\t\t\t\t\t<div class=\"elementor-widget-wrap\">\n\t\t\t\t\t\t<section class=\"elementor-section elementor-inner-section elementor-element elementor-element-5c6d151 elementor-section-boxed elementor-section-height-default elementor-section-height-default\" data-id=\"5c6d151\" data-element_type=\"section\">\n\t\t\t\t\t\t<div class=\"elementor-container elementor-column-gap-default\">\n\t\t\t\t\t\t\t<div class=\"elementor-row\">\n\t\t\t\t\t<div class=\"elementor-column elementor-col-33 elementor-inner-column elementor-element elementor-element-f44231c elementor-hidden-phone\" data-id=\"f44231c\" data-element_type=\"column\">\n\t\t\t<div class=\"elementor-column-wrap\">\n\t\t\t\t\t\t\t<div class=\"elementor-widget-wrap\">\n\t\t\t\t\t\t\t\t<\/div>\n\t\t\t\t\t<\/div>\n\t\t<\/div>\n\t\t\t\t<div class=\"elementor-column elementor-col-66 elementor-inner-column elementor-element elementor-element-c71114d\" data-id=\"c71114d\" data-element_type=\"column\">\n\t\t\t<div class=\"elementor-column-wrap elementor-element-populated\">\n\t\t\t\t\t\t\t<div class=\"elementor-widget-wrap\">\n\t\t\t\t\t\t<div class=\"elementor-element elementor-element-47797d8 elementor-widget elementor-widget-image\" data-id=\"47797d8\" data-element_type=\"widget\" data-widget_type=\"image.default\">\n\t\t\t\t<div class=\"elementor-widget-container\">\n\t\t\t\t\t\t\t\t<div class=\"elementor-image\">\n\t\t\t\t\t\t\t\t\t\t\t\t<img width=\"70\" height=\"3\" src=\"https:\/\/solmex.cl\/www\/wp-content\/uploads\/2020\/11\/Rectangle.png\" class=\"attachment-large size-large\" alt=\"\" loading=\"lazy\" \/>\t\t\t\t\t\t\t\t\t\t\t\t\t\t<\/div>\n\t\t\t\t\t\t<\/div>\n\t\t\t\t<\/div>\n\t\t\t\t<div class=\"elementor-element elementor-element-0dc1207 elementor-widget elementor-widget-heading\" data-id=\"0dc1207\" data-element_type=\"widget\" data-widget_type=\"heading.default\">\n\t\t\t\t<div class=\"elementor-widget-container\">\n\t\t\t<h2 class=\"elementor-heading-title elementor-size-default\">Denuncia<\/h2>\t\t<\/div>\n\t\t\t\t<\/div>\n\t\t\t\t<div class=\"elementor-element elementor-element-8feabc3 elementor-widget elementor-widget-text-editor\" data-id=\"8feabc3\" data-element_type=\"widget\" data-widget_type=\"text-editor.default\">\n\t\t\t\t<div class=\"elementor-widget-container\">\n\t\t\t\t\t\t\t\t<div class=\"elementor-text-editor elementor-clearfix\">\n\t\t\t\t<p>\u00a1Bienvenido\/a!<\/p><p>Este es el <strong>canal oficial de Denuncias<\/strong> de Solmex.<\/p><p>Nos complace ofrecer este canal para que todas las partes interesadas, incluidos directivos, empleados, proveedores, clientes y cualquier otra persona que tenga relaci\u00f3n con nuestra empresa, para que reporten situaciones que puedan estar en conflicto con nuestra \u00e9tica empresarial y las normas regulatorias vigentes.<\/p><p>Nuestra plataforma est\u00e1 disponible las 24 horas del d\u00eda, los 7 d\u00edas de la semana, y garantizamos la privacidad y confidencialidad absolutas en todo momento. Todas las consultas y reportes se pueden hacer de manera an\u00f3nima, y nos comprometemos a tomar las medidas necesarias para garantizar que cualquier persona que haga una consulta o reporte no sufra ninguna represalia o consecuencia negativa.<\/p><p>Estamos convencidos que lo importante es crecer como organizaci\u00f3n de la mano de un desempe\u00f1o \u00e9tico basado en buenas pr\u00e1cticas sociales, econ\u00f3micas y ambientales.<\/p><p>\u00a1Te invitamos a conocer y a utilizar este canal!<\/p><p data-pm-slice=\"1 1 [&quot;list&quot;,{},&quot;list_item&quot;,{&quot;indent&quot;:1,&quot;type&quot;:&quot;bulleted&quot;}]\"><a href=\"https:\/\/solmex.cl\/www\/wp-content\/uploads\/2024\/10\/Procedimiento-Canal-de-denuncias-v01.pdf\">Si quieres conocer el paso a paso para hacer una denuncia haz clic aqu\u00ed.<\/a><\/p>\t\t\t\t\t<\/div>\n\t\t\t\t\t\t<\/div>\n\t\t\t\t<\/div>\n\t\t\t\t<div class=\"elementor-element elementor-element-592721a elementor-widget elementor-widget-button\" data-id=\"592721a\" data-element_type=\"widget\" data-widget_type=\"button.default\">\n\t\t\t\t<div class=\"elementor-widget-container\">\n\t\t\t\t\t<div class=\"elementor-button-wrapper\">\n\t\t\t<a href=\"https:\/\/solmex.cl\/www\/denuncia-formulario\/\" class=\"elementor-button-link elementor-button elementor-size-sm\" role=\"button\">\n\t\t\t\t\t\t<span class=\"elementor-button-content-wrapper\">\n\t\t\t\t\t\t<span class=\"elementor-button-text\">Ingresa tu denuncia aqu\u00ed<\/span>\n\t\t<\/span>\n\t\t\t\t\t<\/a>\n\t\t<\/div>\n\t\t\t\t<\/div>\n\t\t\t\t<\/div>\n\t\t\t\t\t\t<\/div>\n\t\t\t\t\t<\/div>\n\t\t<\/div>\n\t\t\t\t\t\t\t\t<\/div>\n\t\t\t\t\t<\/div>\n\t\t<\/section>\n\t\t\t\t\t\t<\/div>\n\t\t\t\t\t<\/div>\n\t\t<\/div>\n\t\t\t\t\t\t\t\t<\/div>\n\t\t\t\t\t<\/div>\n\t\t<\/section>\n\t\t\t\t<section class=\"elementor-section elementor-top-section elementor-element elementor-element-08bfb8f elementor-section-full_width elementor-section-height-default elementor-section-height-default\" data-id=\"08bfb8f\" data-element_type=\"section\">\n\t\t\t\t\t\t<div class=\"elementor-container elementor-column-gap-default\">\n\t\t\t\t\t\t\t<div class=\"elementor-row\">\n\t\t\t\t\t<div class=\"elementor-column elementor-col-100 elementor-top-column elementor-element elementor-element-a7534d1\" data-id=\"a7534d1\" data-element_type=\"column\">\n\t\t\t<div class=\"elementor-column-wrap\">\n\t\t\t\t\t\t\t<div class=\"elementor-widget-wrap\">\n\t\t\t\t\t\t\t\t<\/div>\n\t\t\t\t\t<\/div>\n\t\t<\/div>\n\t\t\t\t\t\t\t\t<\/div>\n\t\t\t\t\t<\/div>\n\t\t<\/section>\n\t\t\t\t\t\t<\/div>\n\t\t\t\t\t\t<\/div>\n\t\t\t\t\t<\/div>\n\t\t","protected":false},"excerpt":{"rendered":"<p>Denuncia \u00a1Bienvenido\/a! Este es el canal oficial de Denuncias de Solmex. Nos complace ofrecer este canal para que todas las partes interesadas, incluidos directivos, empleados, proveedores, clientes y cualquier otra persona que tenga relaci\u00f3n con nuestra empresa, para que reporten situaciones que puedan estar en conflicto con nuestra \u00e9tica empresarial y las normas regulatorias vigentes. [&hellip;]<\/p>\n","protected":false},"author":1,"featured_media":0,"parent":0,"menu_order":0,"comment_status":"closed","ping_status":"closed","template":"elementor_header_footer","meta":{"om_disable_all_campaigns":false},"yoast_head":"<!-- This site is optimized with the Yoast SEO plugin v18.3 - https:\/\/yoast.com\/wordpress\/plugins\/seo\/ -->\n<title>Canal de denuncia - Solmex<\/title>\n<meta name=\"robots\" content=\"index, follow, max-snippet:-1, max-image-preview:large, max-video-preview:-1\" \/>\n<link rel=\"canonical\" href=\"https:\/\/solmex.cl\/www\/canal-de-denuncia\/\" \/>\n<meta property=\"og:locale\" content=\"es_ES\" \/>\n<meta property=\"og:type\" content=\"article\" \/>\n<meta property=\"og:title\" content=\"Canal de denuncia - Solmex\" \/>\n<meta property=\"og:description\" content=\"Denuncia \u00a1Bienvenido\/a! Este es el canal oficial de Denuncias de Solmex. Nos complace ofrecer este canal para que todas las partes interesadas, incluidos directivos, empleados, proveedores, clientes y cualquier otra persona que tenga relaci\u00f3n con nuestra empresa, para que reporten situaciones que puedan estar en conflicto con nuestra \u00e9tica empresarial y las normas regulatorias vigentes. [&hellip;]\" \/>\n<meta property=\"og:url\" content=\"https:\/\/solmex.cl\/www\/canal-de-denuncia\/\" \/>\n<meta property=\"og:site_name\" content=\"Solmex\" \/>\n<meta property=\"article:modified_time\" content=\"2024-10-23T12:31:11+00:00\" \/>\n<meta property=\"og:image\" content=\"https:\/\/solmex.cl\/www\/wp-content\/uploads\/2020\/11\/Rectangle.png\" \/>\n<meta name=\"twitter:card\" content=\"summary_large_image\" \/>\n<meta name=\"twitter:label1\" content=\"Tiempo de lectura\" \/>\n\t<meta name=\"twitter:data1\" content=\"1 minuto\" \/>\n<script type=\"application\/ld+json\" class=\"yoast-schema-graph\">{\"@context\":\"https:\/\/schema.org\",\"@graph\":[{\"@type\":\"Organization\",\"@id\":\"https:\/\/solmex.cl\/www\/#organization\",\"name\":\"Solmex\",\"url\":\"https:\/\/solmex.cl\/www\/\",\"sameAs\":[],\"logo\":{\"@type\":\"ImageObject\",\"@id\":\"https:\/\/solmex.cl\/www\/#logo\",\"inLanguage\":\"es\",\"url\":\"https:\/\/solmex.cl\/www\/wp-content\/uploads\/2026\/05\/LogoSolmexColored.png\",\"contentUrl\":\"https:\/\/solmex.cl\/www\/wp-content\/uploads\/2026\/05\/LogoSolmexColored.png\",\"width\":200,\"height\":32,\"caption\":\"Solmex\"},\"image\":{\"@id\":\"https:\/\/solmex.cl\/www\/#logo\"}},{\"@type\":\"WebSite\",\"@id\":\"https:\/\/solmex.cl\/www\/#website\",\"url\":\"https:\/\/solmex.cl\/www\/\",\"name\":\"Solmex\",\"description\":\"Arriendo de Modulos\",\"publisher\":{\"@id\":\"https:\/\/solmex.cl\/www\/#organization\"},\"potentialAction\":[{\"@type\":\"SearchAction\",\"target\":{\"@type\":\"EntryPoint\",\"urlTemplate\":\"https:\/\/solmex.cl\/www\/?s={search_term_string}\"},\"query-input\":\"required name=search_term_string\"}],\"inLanguage\":\"es\"},{\"@type\":\"ImageObject\",\"@id\":\"https:\/\/solmex.cl\/www\/canal-de-denuncia\/#primaryimage\",\"inLanguage\":\"es\",\"url\":\"https:\/\/solmex.cl\/www\/wp-content\/uploads\/2020\/11\/Rectangle.png\",\"contentUrl\":\"https:\/\/solmex.cl\/www\/wp-content\/uploads\/2020\/11\/Rectangle.png\",\"width\":70,\"height\":3},{\"@type\":\"WebPage\",\"@id\":\"https:\/\/solmex.cl\/www\/canal-de-denuncia\/#webpage\",\"url\":\"https:\/\/solmex.cl\/www\/canal-de-denuncia\/\",\"name\":\"Canal de denuncia - Solmex\",\"isPartOf\":{\"@id\":\"https:\/\/solmex.cl\/www\/#website\"},\"primaryImageOfPage\":{\"@id\":\"https:\/\/solmex.cl\/www\/canal-de-denuncia\/#primaryimage\"},\"datePublished\":\"2023-03-06T13:12:23+00:00\",\"dateModified\":\"2024-10-23T12:31:11+00:00\",\"breadcrumb\":{\"@id\":\"https:\/\/solmex.cl\/www\/canal-de-denuncia\/#breadcrumb\"},\"inLanguage\":\"es\",\"potentialAction\":[{\"@type\":\"ReadAction\",\"target\":[\"https:\/\/solmex.cl\/www\/canal-de-denuncia\/\"]}]},{\"@type\":\"BreadcrumbList\",\"@id\":\"https:\/\/solmex.cl\/www\/canal-de-denuncia\/#breadcrumb\",\"itemListElement\":[{\"@type\":\"ListItem\",\"position\":1,\"name\":\"Inicio\",\"item\":\"https:\/\/solmex.cl\/www\/\"},{\"@type\":\"ListItem\",\"position\":2,\"name\":\"Canal de denuncia\"}]}]}<\/script>\n<!-- \/ Yoast SEO plugin. -->","yoast_head_json":{"title":"Canal de denuncia - Solmex","robots":{"index":"index","follow":"follow","max-snippet":"max-snippet:-1","max-image-preview":"max-image-preview:large","max-video-preview":"max-video-preview:-1"},"canonical":"https:\/\/solmex.cl\/www\/canal-de-denuncia\/","og_locale":"es_ES","og_type":"article","og_title":"Canal de denuncia - Solmex","og_description":"Denuncia \u00a1Bienvenido\/a! Este es el canal oficial de Denuncias de Solmex. Nos complace ofrecer este canal para que todas las partes interesadas, incluidos directivos, empleados, proveedores, clientes y cualquier otra persona que tenga relaci\u00f3n con nuestra empresa, para que reporten situaciones que puedan estar en conflicto con nuestra \u00e9tica empresarial y las normas regulatorias vigentes. [&hellip;]","og_url":"https:\/\/solmex.cl\/www\/canal-de-denuncia\/","og_site_name":"Solmex","article_modified_time":"2024-10-23T12:31:11+00:00","og_image":[{"url":"https:\/\/solmex.cl\/www\/wp-content\/uploads\/2020\/11\/Rectangle.png"}],"twitter_card":"summary_large_image","twitter_misc":{"Tiempo de lectura":"1 minuto"},"schema":{"@context":"https:\/\/schema.org","@graph":[{"@type":"Organization","@id":"https:\/\/solmex.cl\/www\/#organization","name":"Solmex","url":"https:\/\/solmex.cl\/www\/","sameAs":[],"logo":{"@type":"ImageObject","@id":"https:\/\/solmex.cl\/www\/#logo","inLanguage":"es","url":"https:\/\/solmex.cl\/www\/wp-content\/uploads\/2026\/05\/LogoSolmexColored.png","contentUrl":"https:\/\/solmex.cl\/www\/wp-content\/uploads\/2026\/05\/LogoSolmexColored.png","width":200,"height":32,"caption":"Solmex"},"image":{"@id":"https:\/\/solmex.cl\/www\/#logo"}},{"@type":"WebSite","@id":"https:\/\/solmex.cl\/www\/#website","url":"https:\/\/solmex.cl\/www\/","name":"Solmex","description":"Arriendo de Modulos","publisher":{"@id":"https:\/\/solmex.cl\/www\/#organization"},"potentialAction":[{"@type":"SearchAction","target":{"@type":"EntryPoint","urlTemplate":"https:\/\/solmex.cl\/www\/?s={search_term_string}"},"query-input":"required name=search_term_string"}],"inLanguage":"es"},{"@type":"ImageObject","@id":"https:\/\/solmex.cl\/www\/canal-de-denuncia\/#primaryimage","inLanguage":"es","url":"https:\/\/solmex.cl\/www\/wp-content\/uploads\/2020\/11\/Rectangle.png","contentUrl":"https:\/\/solmex.cl\/www\/wp-content\/uploads\/2020\/11\/Rectangle.png","width":70,"height":3},{"@type":"WebPage","@id":"https:\/\/solmex.cl\/www\/canal-de-denuncia\/#webpage","url":"https:\/\/solmex.cl\/www\/canal-de-denuncia\/","name":"Canal de denuncia - Solmex","isPartOf":{"@id":"https:\/\/solmex.cl\/www\/#website"},"primaryImageOfPage":{"@id":"https:\/\/solmex.cl\/www\/canal-de-denuncia\/#primaryimage"},"datePublished":"2023-03-06T13:12:23+00:00","dateModified":"2024-10-23T12:31:11+00:00","breadcrumb":{"@id":"https:\/\/solmex.cl\/www\/canal-de-denuncia\/#breadcrumb"},"inLanguage":"es","potentialAction":[{"@type":"ReadAction","target":["https:\/\/solmex.cl\/www\/canal-de-denuncia\/"]}]},{"@type":"BreadcrumbList","@id":"https:\/\/solmex.cl\/www\/canal-de-denuncia\/#breadcrumb","itemListElement":[{"@type":"ListItem","position":1,"name":"Inicio","item":"https:\/\/solmex.cl\/www\/"},{"@type":"ListItem","position":2,"name":"Canal de denuncia"}]}]}},"_links":{"self":[{"href":"https:\/\/solmex.cl\/www\/wp-json\/wp\/v2\/pages\/2427"}],"collection":[{"href":"https:\/\/solmex.cl\/www\/wp-json\/wp\/v2\/pages"}],"about":[{"href":"https:\/\/solmex.cl\/www\/wp-json\/wp\/v2\/types\/page"}],"author":[{"embeddable":true,"href":"https:\/\/solmex.cl\/www\/wp-json\/wp\/v2\/users\/1"}],"replies":[{"embeddable":true,"href":"https:\/\/solmex.cl\/www\/wp-json\/wp\/v2\/comments?post=2427"}],"version-history":[{"count":31,"href":"https:\/\/solmex.cl\/www\/wp-json\/wp\/v2\/pages\/2427\/revisions"}],"predecessor-version":[{"id":2982,"href":"https:\/\/solmex.cl\/www\/wp-json\/wp\/v2\/pages\/2427\/revisions\/2982"}],"wp:attachment":[{"href":"https:\/\/solmex.cl\/www\/wp-json\/wp\/v2\/media?parent=2427"}],"curies":[{"name":"wp","href":"https:\/\/api.w.org\/{rel}","templated":true}]}}