{"id":3027,"date":"2025-02-18T00:28:47","date_gmt":"2025-02-18T03:28:47","guid":{"rendered":"https:\/\/solmex.cl\/www\/?page_id=3027"},"modified":"2025-02-23T20:31:32","modified_gmt":"2025-02-23T23:31:32","slug":"caseta-de-guardia-16-x-15-mts","status":"publish","type":"page","link":"https:\/\/solmex.cl\/www\/caseta-de-guardia-16-x-15-mts\/","title":{"rendered":"Caseta de guardia 1,6 x 1,5 Mts"},"content":{"rendered":"\t\t<div data-elementor-type=\"wp-page\" data-elementor-id=\"3027\" class=\"elementor elementor-3027\" data-elementor-settings=\"[]\">\n\t\t\t\t\t\t<div class=\"elementor-inner\">\n\t\t\t\t\t\t\t<div class=\"elementor-section-wrap\">\n\t\t\t\t\t\t\t<section class=\"elementor-section elementor-top-section elementor-element elementor-element-f9556c3 elementor-section-boxed elementor-section-height-default elementor-section-height-default\" data-id=\"f9556c3\" data-element_type=\"section\" data-settings=\"{&quot;background_background&quot;:&quot;classic&quot;}\">\n\t\t\t\t\t\t<div class=\"elementor-container elementor-column-gap-default\">\n\t\t\t\t\t\t\t<div class=\"elementor-row\">\n\t\t\t\t\t<div class=\"elementor-column elementor-col-100 elementor-top-column elementor-element elementor-element-471ab2d\" data-id=\"471ab2d\" data-element_type=\"column\">\n\t\t\t<div class=\"elementor-column-wrap elementor-element-populated\">\n\t\t\t\t\t\t\t<div class=\"elementor-widget-wrap\">\n\t\t\t\t\t\t<div class=\"elementor-element elementor-element-e954a8a elementor-widget elementor-widget-breadcrumbs\" data-id=\"e954a8a\" data-element_type=\"widget\" data-widget_type=\"breadcrumbs.default\">\n\t\t\t\t<div class=\"elementor-widget-container\">\n\t\t\t<p id=\"breadcrumbs\"><span><span><a href=\"https:\/\/solmex.cl\/www\/\">Inicio<\/a><\/span><\/p>\t\t<\/div>\n\t\t\t\t<\/div>\n\t\t\t\t\t\t<\/div>\n\t\t\t\t\t<\/div>\n\t\t<\/div>\n\t\t\t\t\t\t\t\t<\/div>\n\t\t\t\t\t<\/div>\n\t\t<\/section>\n\t\t\t\t<section class=\"elementor-section elementor-top-section elementor-element elementor-element-9ee98d6 elementor-section-boxed elementor-section-height-default elementor-section-height-default\" data-id=\"9ee98d6\" data-element_type=\"section\">\n\t\t\t\t\t\t<div class=\"elementor-container elementor-column-gap-default\">\n\t\t\t\t\t\t\t<div class=\"elementor-row\">\n\t\t\t\t\t<div class=\"elementor-column elementor-col-100 elementor-top-column elementor-element elementor-element-4984952\" data-id=\"4984952\" data-element_type=\"column\">\n\t\t\t<div class=\"elementor-column-wrap elementor-element-populated\">\n\t\t\t\t\t\t\t<div class=\"elementor-widget-wrap\">\n\t\t\t\t\t\t<section class=\"elementor-section elementor-inner-section elementor-element elementor-element-5c6d151 elementor-section-boxed elementor-section-height-default elementor-section-height-default\" data-id=\"5c6d151\" data-element_type=\"section\">\n\t\t\t\t\t\t<div class=\"elementor-container elementor-column-gap-default\">\n\t\t\t\t\t\t\t<div class=\"elementor-row\">\n\t\t\t\t\t<div class=\"elementor-column elementor-col-33 elementor-inner-column elementor-element elementor-element-f44231c elementor-hidden-phone\" data-id=\"f44231c\" data-element_type=\"column\">\n\t\t\t<div class=\"elementor-column-wrap elementor-element-populated\">\n\t\t\t\t\t\t\t<div class=\"elementor-widget-wrap\">\n\t\t\t\t\t\t<div class=\"elementor-element elementor-element-5d047bc elementor-widget elementor-widget-heading\" data-id=\"5d047bc\" data-element_type=\"widget\" data-widget_type=\"heading.default\">\n\t\t\t\t<div class=\"elementor-widget-container\">\n\t\t\t<h6 class=\"elementor-heading-title elementor-size-default\">Caracter\u00edsticas<\/h6>\t\t<\/div>\n\t\t\t\t<\/div>\n\t\t\t\t<div class=\"elementor-element elementor-element-607adc6 elementor-widget elementor-widget-image\" data-id=\"607adc6\" data-element_type=\"widget\" data-widget_type=\"image.default\">\n\t\t\t\t<div class=\"elementor-widget-container\">\n\t\t\t\t\t\t\t\t<div class=\"elementor-image\">\n\t\t\t\t\t\t\t\t\t\t\t\t<img width=\"70\" height=\"3\" src=\"https:\/\/solmex.cl\/www\/wp-content\/uploads\/2020\/11\/Rectangle.png\" class=\"attachment-large size-large\" alt=\"\" loading=\"lazy\" \/>\t\t\t\t\t\t\t\t\t\t\t\t\t\t<\/div>\n\t\t\t\t\t\t<\/div>\n\t\t\t\t<\/div>\n\t\t\t\t\t\t<\/div>\n\t\t\t\t\t<\/div>\n\t\t<\/div>\n\t\t\t\t<div class=\"elementor-column elementor-col-66 elementor-inner-column elementor-element elementor-element-c71114d\" data-id=\"c71114d\" data-element_type=\"column\">\n\t\t\t<div class=\"elementor-column-wrap elementor-element-populated\">\n\t\t\t\t\t\t\t<div class=\"elementor-widget-wrap\">\n\t\t\t\t\t\t<div class=\"elementor-element elementor-element-63b0c65 elementor-widget elementor-widget-heading\" data-id=\"63b0c65\" data-element_type=\"widget\" data-widget_type=\"heading.default\">\n\t\t\t\t<div class=\"elementor-widget-container\">\n\t\t\t<h6 class=\"elementor-heading-title elementor-size-default\">ARRIENDO DE M\u00d3DULOS<\/h6>\t\t<\/div>\n\t\t\t\t<\/div>\n\t\t\t\t<div class=\"elementor-element elementor-element-47797d8 elementor-widget elementor-widget-image\" data-id=\"47797d8\" data-element_type=\"widget\" data-widget_type=\"image.default\">\n\t\t\t\t<div class=\"elementor-widget-container\">\n\t\t\t\t\t\t\t\t<div class=\"elementor-image\">\n\t\t\t\t\t\t\t\t\t\t\t\t<img width=\"70\" height=\"3\" src=\"https:\/\/solmex.cl\/www\/wp-content\/uploads\/2020\/11\/Rectangle.png\" class=\"attachment-large size-large\" alt=\"\" loading=\"lazy\" \/>\t\t\t\t\t\t\t\t\t\t\t\t\t\t<\/div>\n\t\t\t\t\t\t<\/div>\n\t\t\t\t<\/div>\n\t\t\t\t<div class=\"elementor-element elementor-element-0dc1207 elementor-widget elementor-widget-heading\" data-id=\"0dc1207\" data-element_type=\"widget\" data-widget_type=\"heading.default\">\n\t\t\t\t<div class=\"elementor-widget-container\">\n\t\t\t<h2 class=\"elementor-heading-title elementor-size-default\">Caseta de guardia 1,6 x 1,5 Mts\n<\/h2>\t\t<\/div>\n\t\t\t\t<\/div>\n\t\t\t\t<div class=\"elementor-element elementor-element-8feabc3 elementor-widget elementor-widget-text-editor\" data-id=\"8feabc3\" data-element_type=\"widget\" data-widget_type=\"text-editor.default\">\n\t\t\t\t<div class=\"elementor-widget-container\">\n\t\t\t\t\t\t\t\t<div class=\"elementor-text-editor elementor-clearfix\">\n\t\t\t\t<p><span style=\"font-weight: 400;\">Mo\u0301dulo habitable en base a estructura de acero. Revestido interiormente, cuenta con sistema ele\u0301ctrico e iluminacio\u0301n, es de fa\u0301cil mantenimiento de limpieza.<\/span><\/p>\t\t\t\t\t<\/div>\n\t\t\t\t\t\t<\/div>\n\t\t\t\t<\/div>\n\t\t\t\t<div class=\"elementor-element elementor-element-ad5ba14 elementor-skin-slideshow elementor-aspect-ratio-169 elementor-arrows-yes elementor-widget elementor-widget-media-carousel\" data-id=\"ad5ba14\" data-element_type=\"widget\" data-settings=\"{&quot;skin&quot;:&quot;slideshow&quot;,&quot;effect&quot;:&quot;slide&quot;,&quot;show_arrows&quot;:&quot;yes&quot;,&quot;speed&quot;:500,&quot;autoplay&quot;:&quot;yes&quot;,&quot;autoplay_speed&quot;:5000,&quot;loop&quot;:&quot;yes&quot;,&quot;pause_on_hover&quot;:&quot;yes&quot;,&quot;pause_on_interaction&quot;:&quot;yes&quot;,&quot;space_between&quot;:{&quot;unit&quot;:&quot;px&quot;,&quot;size&quot;:10,&quot;sizes&quot;:[]},&quot;space_between_tablet&quot;:{&quot;unit&quot;:&quot;px&quot;,&quot;size&quot;:10,&quot;sizes&quot;:[]},&quot;space_between_mobile&quot;:{&quot;unit&quot;:&quot;px&quot;,&quot;size&quot;:10,&quot;sizes&quot;:[]}}\" data-widget_type=\"media-carousel.default\">\n\t\t\t\t<div class=\"elementor-widget-container\">\n\t\t\t\t\t<div class=\"elementor-swiper\">\n\t\t\t<div class=\"elementor-main-swiper swiper-container\">\n\t\t\t\t<div class=\"swiper-wrapper\">\n\t\t\t\t\t\t\t\t\t\t\t<div class=\"swiper-slide\">\n\t\t\t\t\t\t\t\t\t<div class=\"elementor-carousel-image\" style=\"background-image: url(https:\/\/solmex.cl\/www\/wp-content\/uploads\/2025\/02\/caseta-01-1.png)\">\n\t\t\t\t\t<\/div>\n\t\t\t\t\t\t\t\t<\/div>\n\t\t\t\t\t\t\t\t\t\t\t<div class=\"swiper-slide\">\n\t\t\t\t\t\t\t\t\t<div class=\"elementor-carousel-image\" style=\"background-image: url(https:\/\/solmex.cl\/www\/wp-content\/uploads\/2025\/02\/caseta-02.png)\">\n\t\t\t\t\t<\/div>\n\t\t\t\t\t\t\t\t<\/div>\n\t\t\t\t\t\t\t\t\t\t\t<div class=\"swiper-slide\">\n\t\t\t\t\t\t\t\t\t<div class=\"elementor-carousel-image\" style=\"background-image: url(https:\/\/solmex.cl\/www\/wp-content\/uploads\/2025\/02\/caseta-03.png)\">\n\t\t\t\t\t<\/div>\n\t\t\t\t\t\t\t\t<\/div>\n\t\t\t\t\t\t\t\t\t\t\t<div class=\"swiper-slide\">\n\t\t\t\t\t\t\t\t\t<div class=\"elementor-carousel-image\" style=\"background-image: url(https:\/\/solmex.cl\/www\/wp-content\/uploads\/2025\/02\/caseta-04.png)\">\n\t\t\t\t\t<\/div>\n\t\t\t\t\t\t\t\t<\/div>\n\t\t\t\t\t\t\t\t\t\t\t<div class=\"swiper-slide\">\n\t\t\t\t\t\t\t\t\t<div class=\"elementor-carousel-image\" style=\"background-image: url(https:\/\/solmex.cl\/www\/wp-content\/uploads\/2025\/02\/caseta-05.png)\">\n\t\t\t\t\t<\/div>\n\t\t\t\t\t\t\t\t<\/div>\n\t\t\t\t\t\t\t\t\t\t\t<div class=\"swiper-slide\">\n\t\t\t\t\t\t\t\t\t<div class=\"elementor-carousel-image\" style=\"background-image: url(https:\/\/solmex.cl\/www\/wp-content\/uploads\/2025\/02\/caseta-06.png)\">\n\t\t\t\t\t<\/div>\n\t\t\t\t\t\t\t\t<\/div>\n\t\t\t\t\t\t\t\t\t<\/div>\n\t\t\t\t\t\t\t\t\t\t\t\t\t\t\t\t\t\t\t\t<div class=\"elementor-swiper-button elementor-swiper-button-prev\">\n\t\t\t\t\t\t\t<i aria-hidden=\"true\" class=\"eicon-chevron-left\"><\/i>\t\t\t\t\t\t\t<span class=\"elementor-screen-only\">Previous<\/span>\n\t\t\t\t\t\t<\/div>\n\t\t\t\t\t\t<div class=\"elementor-swiper-button elementor-swiper-button-next\">\n\t\t\t\t\t\t\t<i aria-hidden=\"true\" class=\"eicon-chevron-right\"><\/i>\t\t\t\t\t\t\t<span class=\"elementor-screen-only\">Next<\/span>\n\t\t\t\t\t\t<\/div>\n\t\t\t\t\t\t\t\t\t\t\t\t<\/div>\n\t\t<\/div>\n\t\t\t\t<div class=\"elementor-swiper\">\n\t\t\t<div class=\"elementor-thumbnails-swiper swiper-container\">\n\t\t\t\t<div class=\"swiper-wrapper\">\n\t\t\t\t\t\t\t\t\t\t\t<div class=\"swiper-slide\">\n\t\t\t\t\t\t\t\t\t<div class=\"elementor-fit-aspect-ratio elementor-carousel-image\" style=\"background-image: url(https:\/\/solmex.cl\/www\/wp-content\/uploads\/2025\/02\/caseta-01-1.png)\">\n\t\t\t\t\t<\/div>\n\t\t\t\t\t\t\t\t<\/div>\n\t\t\t\t\t\t\t\t\t\t\t<div class=\"swiper-slide\">\n\t\t\t\t\t\t\t\t\t<div class=\"elementor-fit-aspect-ratio elementor-carousel-image\" style=\"background-image: url(https:\/\/solmex.cl\/www\/wp-content\/uploads\/2025\/02\/caseta-02.png)\">\n\t\t\t\t\t<\/div>\n\t\t\t\t\t\t\t\t<\/div>\n\t\t\t\t\t\t\t\t\t\t\t<div class=\"swiper-slide\">\n\t\t\t\t\t\t\t\t\t<div class=\"elementor-fit-aspect-ratio elementor-carousel-image\" style=\"background-image: url(https:\/\/solmex.cl\/www\/wp-content\/uploads\/2025\/02\/caseta-03.png)\">\n\t\t\t\t\t<\/div>\n\t\t\t\t\t\t\t\t<\/div>\n\t\t\t\t\t\t\t\t\t\t\t<div class=\"swiper-slide\">\n\t\t\t\t\t\t\t\t\t<div class=\"elementor-fit-aspect-ratio elementor-carousel-image\" style=\"background-image: url(https:\/\/solmex.cl\/www\/wp-content\/uploads\/2025\/02\/caseta-04.png)\">\n\t\t\t\t\t<\/div>\n\t\t\t\t\t\t\t\t<\/div>\n\t\t\t\t\t\t\t\t\t\t\t<div class=\"swiper-slide\">\n\t\t\t\t\t\t\t\t\t<div class=\"elementor-fit-aspect-ratio elementor-carousel-image\" style=\"background-image: url(https:\/\/solmex.cl\/www\/wp-content\/uploads\/2025\/02\/caseta-05.png)\">\n\t\t\t\t\t<\/div>\n\t\t\t\t\t\t\t\t<\/div>\n\t\t\t\t\t\t\t\t\t\t\t<div class=\"swiper-slide\">\n\t\t\t\t\t\t\t\t\t<div class=\"elementor-fit-aspect-ratio elementor-carousel-image\" style=\"background-image: url(https:\/\/solmex.cl\/www\/wp-content\/uploads\/2025\/02\/caseta-06.png)\">\n\t\t\t\t\t<\/div>\n\t\t\t\t\t\t\t\t<\/div>\n\t\t\t\t\t\t\t\t\t<\/div>\n\t\t\t\t\t\t\t\t\t\t\t\t\t\t\t\t\t\t\t\t\t<\/div>\n\t\t<\/div>\n\t\t\t\t<\/div>\n\t\t\t\t<\/div>\n\t\t\t\t<div class=\"elementor-element elementor-element-6045c77 elementor-widget elementor-widget-text-editor\" data-id=\"6045c77\" data-element_type=\"widget\" data-widget_type=\"text-editor.default\">\n\t\t\t\t<div class=\"elementor-widget-container\">\n\t\t\t\t\t\t\t\t<div class=\"elementor-text-editor elementor-clearfix\">\n\t\t\t\t<span style=\"font-size:11px\">Im\u00e1genes referenciales, el contenido de los m\u00f3dulos es opcional.<\/span>\t\t\t\t\t<\/div>\n\t\t\t\t\t\t<\/div>\n\t\t\t\t<\/div>\n\t\t\t\t\t\t<\/div>\n\t\t\t\t\t<\/div>\n\t\t<\/div>\n\t\t\t\t\t\t\t\t<\/div>\n\t\t\t\t\t<\/div>\n\t\t<\/section>\n\t\t\t\t\t\t<\/div>\n\t\t\t\t\t<\/div>\n\t\t<\/div>\n\t\t\t\t\t\t\t\t<\/div>\n\t\t\t\t\t<\/div>\n\t\t<\/section>\n\t\t\t\t<section class=\"elementor-section elementor-top-section elementor-element elementor-element-0a72324 elementor-section-boxed elementor-section-height-default elementor-section-height-default\" data-id=\"0a72324\" data-element_type=\"section\">\n\t\t\t\t\t\t<div class=\"elementor-container elementor-column-gap-default\">\n\t\t\t\t\t\t\t<div class=\"elementor-row\">\n\t\t\t\t\t<div class=\"elementor-column elementor-col-100 elementor-top-column elementor-element elementor-element-7a3df87\" data-id=\"7a3df87\" data-element_type=\"column\">\n\t\t\t<div class=\"elementor-column-wrap elementor-element-populated\">\n\t\t\t\t\t\t\t<div class=\"elementor-widget-wrap\">\n\t\t\t\t\t\t<section class=\"elementor-section elementor-inner-section elementor-element elementor-element-7fdbc41 elementor-section-boxed elementor-section-height-default elementor-section-height-default\" data-id=\"7fdbc41\" data-element_type=\"section\">\n\t\t\t\t\t\t<div class=\"elementor-container elementor-column-gap-default\">\n\t\t\t\t\t\t\t<div class=\"elementor-row\">\n\t\t\t\t\t<div class=\"elementor-column elementor-col-33 elementor-inner-column elementor-element elementor-element-2e83f45\" data-id=\"2e83f45\" data-element_type=\"column\">\n\t\t\t<div class=\"elementor-column-wrap elementor-element-populated\">\n\t\t\t\t\t\t\t<div class=\"elementor-widget-wrap\">\n\t\t\t\t\t\t<div class=\"elementor-element elementor-element-ccc1a13 elementor-widget elementor-widget-heading\" data-id=\"ccc1a13\" data-element_type=\"widget\" data-widget_type=\"heading.default\">\n\t\t\t\t<div class=\"elementor-widget-container\">\n\t\t\t<h6 class=\"elementor-heading-title elementor-size-default\">Ficha T\u00e9cnica<\/h6>\t\t<\/div>\n\t\t\t\t<\/div>\n\t\t\t\t<div class=\"elementor-element elementor-element-b7e23ca elementor-widget elementor-widget-image\" data-id=\"b7e23ca\" data-element_type=\"widget\" data-widget_type=\"image.default\">\n\t\t\t\t<div class=\"elementor-widget-container\">\n\t\t\t\t\t\t\t\t<div class=\"elementor-image\">\n\t\t\t\t\t\t\t\t\t\t\t\t<img width=\"70\" height=\"3\" src=\"https:\/\/solmex.cl\/www\/wp-content\/uploads\/2020\/11\/Rectangle.png\" class=\"attachment-large size-large\" alt=\"\" loading=\"lazy\" \/>\t\t\t\t\t\t\t\t\t\t\t\t\t\t<\/div>\n\t\t\t\t\t\t<\/div>\n\t\t\t\t<\/div>\n\t\t\t\t\t\t<\/div>\n\t\t\t\t\t<\/div>\n\t\t<\/div>\n\t\t\t\t<div class=\"elementor-column elementor-col-66 elementor-inner-column elementor-element elementor-element-ac324da\" data-id=\"ac324da\" data-element_type=\"column\">\n\t\t\t<div class=\"elementor-column-wrap elementor-element-populated\">\n\t\t\t\t\t\t\t<div class=\"elementor-widget-wrap\">\n\t\t\t\t\t\t<div class=\"elementor-element elementor-element-4686d8b elementor-widget elementor-widget-heading\" data-id=\"4686d8b\" data-element_type=\"widget\" data-widget_type=\"heading.default\">\n\t\t\t\t<div class=\"elementor-widget-container\">\n\t\t\t<h6 class=\"elementor-heading-title elementor-size-default\">Medidas : \n<\/h6>\t\t<\/div>\n\t\t\t\t<\/div>\n\t\t\t\t<div class=\"elementor-element elementor-element-8e49a76 elementor-widget elementor-widget-text-editor\" data-id=\"8e49a76\" data-element_type=\"widget\" data-widget_type=\"text-editor.default\">\n\t\t\t\t<div class=\"elementor-widget-container\">\n\t\t\t\t\t\t\t\t<div class=\"elementor-text-editor elementor-clearfix\">\n\t\t\t\t<p><strong>Estructura de acero:<\/strong>\u00a0 1160 mm (L) x 1500 mm (An) 2530 mm (A)<\/p>\t\t\t\t\t<\/div>\n\t\t\t\t\t\t<\/div>\n\t\t\t\t<\/div>\n\t\t\t\t<div class=\"elementor-element elementor-element-798cbec elementor-widget elementor-widget-heading\" data-id=\"798cbec\" data-element_type=\"widget\" data-widget_type=\"heading.default\">\n\t\t\t\t<div class=\"elementor-widget-container\">\n\t\t\t<h6 class=\"elementor-heading-title elementor-size-default\">Caracter\u00edsticas : <\/h6>\t\t<\/div>\n\t\t\t\t<\/div>\n\t\t\t\t<div class=\"elementor-element elementor-element-cde7482 elementor-widget elementor-widget-text-editor\" data-id=\"cde7482\" data-element_type=\"widget\" data-widget_type=\"text-editor.default\">\n\t\t\t\t<div class=\"elementor-widget-container\">\n\t\t\t\t\t\t\t\t<div class=\"elementor-text-editor elementor-clearfix\">\n\t\t\t\t<style>\ntable * {<br \/>\tborder-color:#FFF;<br \/>}<br \/><\/style>\n<table style=\"height: 439px; border-color: #ffffff !important;\" border=\"0\" width=\"232\" cellspacing=\"0\" cellpadding=\"0\">\n<tbody>\n<tr>\n<td width=\"30%\"><strong>Muros :<\/strong><\/td>\n<td width=\"70%\"><span style=\"font-weight: 400;\">Revestidos con aglomerado de 8 mm y pintados con l\u00e1tex color blanco<\/span><\/td>\n<\/tr>\n<tr>\n<td width=\"30%\"><strong>Piso :<\/strong><\/td>\n<td width=\"70%\"><span style=\"font-weight: 400;\">Revestido con lin\u00f3leo de alto tr\u00e1fico 1.5 mm<\/span><\/td>\n<\/tr>\n<tr>\n<td width=\"30%\"><strong>Cielo :<\/strong><\/td>\n<td width=\"70%\">Pintado con esmalte blanco<\/td>\n<\/tr>\n<tr>\n<td width=\"30%\"><strong>Aislaci\u00f3n :<\/strong><\/td>\n<td width=\"70%\">Poliestireno expandido de 40 mm<\/td>\n<\/tr>\n<\/tbody>\n<\/table>\t\t\t\t\t<\/div>\n\t\t\t\t\t\t<\/div>\n\t\t\t\t<\/div>\n\t\t\t\t\t\t<\/div>\n\t\t\t\t\t<\/div>\n\t\t<\/div>\n\t\t\t\t\t\t\t\t<\/div>\n\t\t\t\t\t<\/div>\n\t\t<\/section>\n\t\t\t\t\t\t<\/div>\n\t\t\t\t\t<\/div>\n\t\t<\/div>\n\t\t\t\t\t\t\t\t<\/div>\n\t\t\t\t\t<\/div>\n\t\t<\/section>\n\t\t\t\t\t\t<\/div>\n\t\t\t\t\t\t<\/div>\n\t\t\t\t\t<\/div>\n\t\t","protected":false},"excerpt":{"rendered":"<p>Caracter\u00edsticas ARRIENDO DE M\u00d3DULOS Caseta de guardia 1,6 x 1,5 Mts Mo\u0301dulo habitable en base a estructura de acero. Revestido interiormente, cuenta con sistema ele\u0301ctrico e iluminacio\u0301n, es de fa\u0301cil mantenimiento de limpieza. Previous Next Im\u00e1genes referenciales, el contenido de los m\u00f3dulos es opcional. Ficha T\u00e9cnica Medidas : Estructura de acero:\u00a0 1160 mm (L) x [&hellip;]<\/p>\n","protected":false},"author":1,"featured_media":0,"parent":0,"menu_order":0,"comment_status":"closed","ping_status":"closed","template":"elementor_header_footer","meta":{"om_disable_all_campaigns":false},"yoast_head":"<!-- This site is optimized with the Yoast SEO plugin v18.3 - https:\/\/yoast.com\/wordpress\/plugins\/seo\/ -->\n<title>Caseta de guardia 1,6 x 1,5 Mts - Solmex<\/title>\n<meta name=\"robots\" content=\"index, follow, max-snippet:-1, max-image-preview:large, max-video-preview:-1\" \/>\n<link rel=\"canonical\" href=\"https:\/\/solmex.cl\/www\/caseta-de-guardia-16-x-15-mts\/\" \/>\n<meta property=\"og:locale\" content=\"es_ES\" \/>\n<meta property=\"og:type\" content=\"article\" \/>\n<meta property=\"og:title\" content=\"Caseta de guardia 1,6 x 1,5 Mts - Solmex\" \/>\n<meta property=\"og:description\" content=\"Caracter\u00edsticas ARRIENDO DE M\u00d3DULOS Caseta de guardia 1,6 x 1,5 Mts Mo\u0301dulo habitable en base a estructura de acero. Revestido interiormente, cuenta con sistema ele\u0301ctrico e iluminacio\u0301n, es de fa\u0301cil mantenimiento de limpieza. Previous Next Im\u00e1genes referenciales, el contenido de los m\u00f3dulos es opcional. Ficha T\u00e9cnica Medidas : Estructura de acero:\u00a0 1160 mm (L) x [&hellip;]\" \/>\n<meta property=\"og:url\" content=\"https:\/\/solmex.cl\/www\/caseta-de-guardia-16-x-15-mts\/\" \/>\n<meta property=\"og:site_name\" content=\"Solmex\" \/>\n<meta property=\"article:modified_time\" content=\"2025-02-23T23:31:32+00:00\" \/>\n<meta property=\"og:image\" content=\"https:\/\/solmex.cl\/www\/wp-content\/uploads\/2020\/11\/Rectangle.png\" \/>\n<meta name=\"twitter:card\" content=\"summary_large_image\" \/>\n<meta name=\"twitter:label1\" content=\"Tiempo de lectura\" \/>\n\t<meta name=\"twitter:data1\" content=\"2 minutos\" \/>\n<script type=\"application\/ld+json\" class=\"yoast-schema-graph\">{\"@context\":\"https:\/\/schema.org\",\"@graph\":[{\"@type\":\"WebSite\",\"@id\":\"https:\/\/solmex.cl\/www\/#website\",\"url\":\"https:\/\/solmex.cl\/www\/\",\"name\":\"Solmex\",\"description\":\"Arriendo de Modulos\",\"potentialAction\":[{\"@type\":\"SearchAction\",\"target\":{\"@type\":\"EntryPoint\",\"urlTemplate\":\"https:\/\/solmex.cl\/www\/?s={search_term_string}\"},\"query-input\":\"required name=search_term_string\"}],\"inLanguage\":\"es\"},{\"@type\":\"ImageObject\",\"@id\":\"https:\/\/solmex.cl\/www\/caseta-de-guardia-16-x-15-mts\/#primaryimage\",\"inLanguage\":\"es\",\"url\":\"https:\/\/solmex.cl\/www\/wp-content\/uploads\/2020\/11\/Rectangle.png\",\"contentUrl\":\"https:\/\/solmex.cl\/www\/wp-content\/uploads\/2020\/11\/Rectangle.png\",\"width\":70,\"height\":3},{\"@type\":\"WebPage\",\"@id\":\"https:\/\/solmex.cl\/www\/caseta-de-guardia-16-x-15-mts\/#webpage\",\"url\":\"https:\/\/solmex.cl\/www\/caseta-de-guardia-16-x-15-mts\/\",\"name\":\"Caseta de guardia 1,6 x 1,5 Mts - Solmex\",\"isPartOf\":{\"@id\":\"https:\/\/solmex.cl\/www\/#website\"},\"primaryImageOfPage\":{\"@id\":\"https:\/\/solmex.cl\/www\/caseta-de-guardia-16-x-15-mts\/#primaryimage\"},\"datePublished\":\"2025-02-18T03:28:47+00:00\",\"dateModified\":\"2025-02-23T23:31:32+00:00\",\"breadcrumb\":{\"@id\":\"https:\/\/solmex.cl\/www\/caseta-de-guardia-16-x-15-mts\/#breadcrumb\"},\"inLanguage\":\"es\",\"potentialAction\":[{\"@type\":\"ReadAction\",\"target\":[\"https:\/\/solmex.cl\/www\/caseta-de-guardia-16-x-15-mts\/\"]}]},{\"@type\":\"BreadcrumbList\",\"@id\":\"https:\/\/solmex.cl\/www\/caseta-de-guardia-16-x-15-mts\/#breadcrumb\",\"itemListElement\":[{\"@type\":\"ListItem\",\"position\":1,\"name\":\"Inicio\",\"item\":\"https:\/\/solmex.cl\/www\/\"},{\"@type\":\"ListItem\",\"position\":2,\"name\":\"Caseta de guardia 1,6 x 1,5 Mts\"}]}]}<\/script>\n<!-- \/ Yoast SEO plugin. -->","yoast_head_json":{"title":"Caseta de guardia 1,6 x 1,5 Mts - Solmex","robots":{"index":"index","follow":"follow","max-snippet":"max-snippet:-1","max-image-preview":"max-image-preview:large","max-video-preview":"max-video-preview:-1"},"canonical":"https:\/\/solmex.cl\/www\/caseta-de-guardia-16-x-15-mts\/","og_locale":"es_ES","og_type":"article","og_title":"Caseta de guardia 1,6 x 1,5 Mts - Solmex","og_description":"Caracter\u00edsticas ARRIENDO DE M\u00d3DULOS Caseta de guardia 1,6 x 1,5 Mts Mo\u0301dulo habitable en base a estructura de acero. Revestido interiormente, cuenta con sistema ele\u0301ctrico e iluminacio\u0301n, es de fa\u0301cil mantenimiento de limpieza. Previous Next Im\u00e1genes referenciales, el contenido de los m\u00f3dulos es opcional. Ficha T\u00e9cnica Medidas : Estructura de acero:\u00a0 1160 mm (L) x [&hellip;]","og_url":"https:\/\/solmex.cl\/www\/caseta-de-guardia-16-x-15-mts\/","og_site_name":"Solmex","article_modified_time":"2025-02-23T23:31:32+00:00","og_image":[{"url":"https:\/\/solmex.cl\/www\/wp-content\/uploads\/2020\/11\/Rectangle.png"}],"twitter_card":"summary_large_image","twitter_misc":{"Tiempo de lectura":"2 minutos"},"schema":{"@context":"https:\/\/schema.org","@graph":[{"@type":"WebSite","@id":"https:\/\/solmex.cl\/www\/#website","url":"https:\/\/solmex.cl\/www\/","name":"Solmex","description":"Arriendo de Modulos","potentialAction":[{"@type":"SearchAction","target":{"@type":"EntryPoint","urlTemplate":"https:\/\/solmex.cl\/www\/?s={search_term_string}"},"query-input":"required name=search_term_string"}],"inLanguage":"es"},{"@type":"ImageObject","@id":"https:\/\/solmex.cl\/www\/caseta-de-guardia-16-x-15-mts\/#primaryimage","inLanguage":"es","url":"https:\/\/solmex.cl\/www\/wp-content\/uploads\/2020\/11\/Rectangle.png","contentUrl":"https:\/\/solmex.cl\/www\/wp-content\/uploads\/2020\/11\/Rectangle.png","width":70,"height":3},{"@type":"WebPage","@id":"https:\/\/solmex.cl\/www\/caseta-de-guardia-16-x-15-mts\/#webpage","url":"https:\/\/solmex.cl\/www\/caseta-de-guardia-16-x-15-mts\/","name":"Caseta de guardia 1,6 x 1,5 Mts - Solmex","isPartOf":{"@id":"https:\/\/solmex.cl\/www\/#website"},"primaryImageOfPage":{"@id":"https:\/\/solmex.cl\/www\/caseta-de-guardia-16-x-15-mts\/#primaryimage"},"datePublished":"2025-02-18T03:28:47+00:00","dateModified":"2025-02-23T23:31:32+00:00","breadcrumb":{"@id":"https:\/\/solmex.cl\/www\/caseta-de-guardia-16-x-15-mts\/#breadcrumb"},"inLanguage":"es","potentialAction":[{"@type":"ReadAction","target":["https:\/\/solmex.cl\/www\/caseta-de-guardia-16-x-15-mts\/"]}]},{"@type":"BreadcrumbList","@id":"https:\/\/solmex.cl\/www\/caseta-de-guardia-16-x-15-mts\/#breadcrumb","itemListElement":[{"@type":"ListItem","position":1,"name":"Inicio","item":"https:\/\/solmex.cl\/www\/"},{"@type":"ListItem","position":2,"name":"Caseta de guardia 1,6 x 1,5 Mts"}]}]}},"_links":{"self":[{"href":"https:\/\/solmex.cl\/www\/wp-json\/wp\/v2\/pages\/3027"}],"collection":[{"href":"https:\/\/solmex.cl\/www\/wp-json\/wp\/v2\/pages"}],"about":[{"href":"https:\/\/solmex.cl\/www\/wp-json\/wp\/v2\/types\/page"}],"author":[{"embeddable":true,"href":"https:\/\/solmex.cl\/www\/wp-json\/wp\/v2\/users\/1"}],"replies":[{"embeddable":true,"href":"https:\/\/solmex.cl\/www\/wp-json\/wp\/v2\/comments?post=3027"}],"version-history":[{"count":11,"href":"https:\/\/solmex.cl\/www\/wp-json\/wp\/v2\/pages\/3027\/revisions"}],"predecessor-version":[{"id":3130,"href":"https:\/\/solmex.cl\/www\/wp-json\/wp\/v2\/pages\/3027\/revisions\/3130"}],"wp:attachment":[{"href":"https:\/\/solmex.cl\/www\/wp-json\/wp\/v2\/media?parent=3027"}],"curies":[{"name":"wp","href":"https:\/\/api.w.org\/{rel}","templated":true}]}}